{"id":566,"date":"2023-12-03T23:01:09","date_gmt":"2023-12-04T03:01:09","guid":{"rendered":"https:\/\/themegavias.com\/wp\/pisole\/?page_id=566"},"modified":"2025-02-07T08:47:03","modified_gmt":"2025-02-07T07:47:03","slug":"automation","status":"publish","type":"page","link":"https:\/\/irs-ab.se\/en\/automation\/","title":{"rendered":"Automation"},"content":{"rendered":"<div data-elementor-type=\"wp-page\" data-elementor-id=\"566\" class=\"elementor elementor-566\" data-elementor-post-type=\"page\">\n\t\t\t\t\t\t<section class=\"elementor-section elementor-top-section elementor-element elementor-element-6643a9c0 elementor-section-boxed elementor-section-height-default elementor-section-height-default\" data-id=\"6643a9c0\" data-element_type=\"section\" data-settings=\"{&quot;background_background&quot;:&quot;slideshow&quot;,&quot;background_slideshow_gallery&quot;:[{&quot;id&quot;:1021,&quot;url&quot;:&quot;http:\\\/\\\/irs-ab.se\\\/wp-content\\\/uploads\\\/2025\\\/01\\\/bc-irs-1.jpg&quot;},{&quot;id&quot;:1022,&quot;url&quot;:&quot;http:\\\/\\\/irs-ab.se\\\/wp-content\\\/uploads\\\/2025\\\/01\\\/bc-irs-2.jpg&quot;}],&quot;background_slideshow_ken_burns&quot;:&quot;yes&quot;,&quot;jet_parallax_layout_list&quot;:[],&quot;background_slideshow_loop&quot;:&quot;yes&quot;,&quot;background_slideshow_slide_duration&quot;:5000,&quot;background_slideshow_slide_transition&quot;:&quot;fade&quot;,&quot;background_slideshow_transition_duration&quot;:500,&quot;background_slideshow_ken_burns_zoom_direction&quot;:&quot;in&quot;}\">\n\t\t\t\t\t\t\t<div class=\"elementor-background-overlay\"><\/div>\n\t\t\t\t\t\t\t<div class=\"elementor-container elementor-column-gap-default\">\n\t\t\t\t\t<div class=\"elementor-column elementor-col-100 elementor-top-column elementor-element elementor-element-598a3b9\" data-id=\"598a3b9\" data-element_type=\"column\">\n\t\t\t<div class=\"elementor-widget-wrap elementor-element-populated\">\n\t\t\t\t\t\t<div class=\"elementor-element elementor-element-6677922 elementor-widget elementor-widget-gva-heading-block\" data-id=\"6677922\" data-element_type=\"widget\" data-widget_type=\"gva-heading-block.default\">\n\t\t\t\t<div class=\"elementor-widget-container\">\n\t\t\t\t\t<div class=\"gva-element-gva-heading-block gva-element\">   <div class=\"align-left style-1 widget gsc-heading box-align-left auto-responsive\">\r\n      <div class=\"content-inner\">\r\n         \r\n                  \r\n           \r\n         \r\n                     <h2 class=\"title\">\r\n               <span>Automation<\/span>\r\n            <\/h2>\r\n                  \r\n                     <div class=\"title-desc\">Complete &amp; Flexible Robotic Solutions for Industries<\/div>\r\n         \r\n         \r\n      <\/div>\r\n   <\/div>\r\n<\/div>\t\t\t\t<\/div>\n\t\t\t\t<\/div>\n\t\t\t\t\t<\/div>\n\t\t<\/div>\n\t\t\t\t\t<\/div>\n\t\t<\/section>\n\t\t\t\t<section class=\"elementor-section elementor-top-section elementor-element elementor-element-85ed5e7 elementor-reverse-tablet elementor-reverse-mobile elementor-section-boxed elementor-section-height-default elementor-section-height-default\" data-id=\"85ed5e7\" data-element_type=\"section\" data-settings=\"{&quot;jet_parallax_layout_list&quot;:[]}\">\n\t\t\t\t\t\t<div class=\"elementor-container elementor-column-gap-default\">\n\t\t\t\t\t<div class=\"elementor-column elementor-col-50 elementor-top-column elementor-element elementor-element-51904d8a\" data-id=\"51904d8a\" data-element_type=\"column\">\n\t\t\t<div class=\"elementor-widget-wrap elementor-element-populated\">\n\t\t\t\t\t\t<section class=\"elementor-section elementor-inner-section elementor-element elementor-element-74a7dc03 elementor-section-boxed elementor-section-height-default elementor-section-height-default\" data-id=\"74a7dc03\" data-element_type=\"section\" data-settings=\"{&quot;background_background&quot;:&quot;classic&quot;,&quot;jet_parallax_layout_list&quot;:[]}\">\n\t\t\t\t\t\t\t<div class=\"elementor-background-overlay\"><\/div>\n\t\t\t\t\t\t\t<div class=\"elementor-container elementor-column-gap-default\">\n\t\t\t\t\t<div class=\"elementor-column elementor-col-100 elementor-inner-column elementor-element elementor-element-7ea2bf11\" data-id=\"7ea2bf11\" data-element_type=\"column\">\n\t\t\t<div class=\"elementor-widget-wrap elementor-element-populated\">\n\t\t\t\t\t\t<div class=\"elementor-element elementor-element-2dba2557 elementor-view-stacked elementor-shape-circle elementor-position-top elementor-mobile-position-top elementor-widget elementor-widget-icon-box\" data-id=\"2dba2557\" data-element_type=\"widget\" data-widget_type=\"icon-box.default\">\n\t\t\t\t<div class=\"elementor-widget-container\">\n\t\t\t\t\t\t\t<div class=\"elementor-icon-box-wrapper\">\n\n\t\t\t\t\t\t<div class=\"elementor-icon-box-icon\">\n\t\t\t\t<span  class=\"elementor-icon\">\n\t\t\t\t<i aria-hidden=\"true\" class=\"picon-chat\"><\/i>\t\t\t\t<\/span>\n\t\t\t<\/div>\n\t\t\t\n\t\t\t\t\t\t<div class=\"elementor-icon-box-content\">\n\n\t\t\t\t\t\t\t\t\t<h3 class=\"elementor-icon-box-title\">\n\t\t\t\t\t\t<span  >\n\t\t\t\t\t\t\tKnow more about our products?\t\t\t\t\t\t<\/span>\n\t\t\t\t\t<\/h3>\n\t\t\t\t\n\t\t\t\t\n\t\t\t<\/div>\n\t\t\t\n\t\t<\/div>\n\t\t\t\t\t\t<\/div>\n\t\t\t\t<\/div>\n\t\t\t\t<div class=\"elementor-element elementor-element-5e7149b7 elementor-widget elementor-widget-text-editor\" data-id=\"5e7149b7\" data-element_type=\"widget\" data-widget_type=\"text-editor.default\">\n\t\t\t\t<div class=\"elementor-widget-container\">\n\t\t\t\t\t\t\t\t\t<div>Call or mail us<\/div>\t\t\t\t\t\t\t\t<\/div>\n\t\t\t\t<\/div>\n\t\t\t\t<div class=\"elementor-element elementor-element-65adb761 elementor-widget elementor-widget-text-editor\" data-id=\"65adb761\" data-element_type=\"widget\" data-widget_type=\"text-editor.default\">\n\t\t\t\t<div class=\"elementor-widget-container\">\n\t\t\t\t\t\t\t\t\t<p><a class=\"text-white\" href=\"tel:+4690122040\">+46 90 12 20 40<\/a><\/p>\t\t\t\t\t\t\t\t<\/div>\n\t\t\t\t<\/div>\n\t\t\t\t<div class=\"elementor-element elementor-element-e6a3243 elementor-widget__width-auto hidden-large elementor-widget elementor-widget-html\" data-id=\"e6a3243\" data-element_type=\"widget\" data-widget_type=\"html.default\">\n\t\t\t\t<div class=\"elementor-widget-container\">\n\t\t\t\t\t<a class=\"btn-white\" href=\"\/en\/kontakt\/\">\nContact us\n<\/a>\t\t\t\t<\/div>\n\t\t\t\t<\/div>\n\t\t\t\t\t<\/div>\n\t\t<\/div>\n\t\t\t\t\t<\/div>\n\t\t<\/section>\n\t\t\t\t\t<\/div>\n\t\t<\/div>\n\t\t\t\t<div class=\"elementor-column elementor-col-50 elementor-top-column elementor-element elementor-element-211ca19c\" data-id=\"211ca19c\" data-element_type=\"column\">\n\t\t\t<div class=\"elementor-widget-wrap elementor-element-populated\">\n\t\t\t\t\t\t<div class=\"elementor-element elementor-element-4340c8f elementor-widget elementor-widget-heading\" data-id=\"4340c8f\" data-element_type=\"widget\" data-widget_type=\"heading.default\">\n\t\t\t\t<div class=\"elementor-widget-container\">\n\t\t\t\t\t<h3 class=\"elementor-heading-title elementor-size-default\">Your Industrial Partner<\/h3>\t\t\t\t<\/div>\n\t\t\t\t<\/div>\n\t\t\t\t<div class=\"elementor-element elementor-element-5434a3a elementor-widget elementor-widget-heading\" data-id=\"5434a3a\" data-element_type=\"widget\" data-widget_type=\"heading.default\">\n\t\t\t\t<div class=\"elementor-widget-container\">\n\t\t\t\t\t<h1 class=\"elementor-heading-title elementor-size-default\">Complete Automation Solutions with Robots for Industrial Efficiency<\/h1>\t\t\t\t<\/div>\n\t\t\t\t<\/div>\n\t\t\t\t<div class=\"elementor-element elementor-element-363c14e elementor-widget elementor-widget-text-editor\" data-id=\"363c14e\" data-element_type=\"widget\" data-widget_type=\"text-editor.default\">\n\t\t\t\t<div class=\"elementor-widget-container\">\n\t\t\t\t\t\t\t\t\t<p>Automation is the key to more efficient production, higher quality, and lower costs. Industri &amp; Robotservice Sweden AB offers tailored automation solutions that help companies across various industries optimise their processes and meet the demands of the future.<\/p>\t\t\t\t\t\t\t\t<\/div>\n\t\t\t\t<\/div>\n\t\t\t\t<div class=\"elementor-element elementor-element-93c6b1f elementor-widget elementor-widget-image\" data-id=\"93c6b1f\" data-element_type=\"widget\" data-widget_type=\"image.default\">\n\t\t\t\t<div class=\"elementor-widget-container\">\n\t\t\t\t\t\t\t\t\t\t\t\t\t\t\t<img fetchpriority=\"high\" decoding=\"async\" width=\"900\" height=\"519\" src=\"https:\/\/irs-ab.se\/wp-content\/uploads\/2025\/01\/automation-robot-1300x750-1-1024x591.jpg\" class=\"attachment-large size-large wp-image-1155\" alt=\"Automation med robotar f\u00f6r industrier\" srcset=\"https:\/\/irs-ab.se\/wp-content\/uploads\/2025\/01\/automation-robot-1300x750-1-1024x591.jpg 1024w, https:\/\/irs-ab.se\/wp-content\/uploads\/2025\/01\/automation-robot-1300x750-1-768x443.jpg 768w, https:\/\/irs-ab.se\/wp-content\/uploads\/2025\/01\/automation-robot-1300x750-1-18x10.jpg 18w, https:\/\/irs-ab.se\/wp-content\/uploads\/2025\/01\/automation-robot-1300x750-1.jpg 1300w\" sizes=\"(max-width: 900px) 100vw, 900px\" \/>\t\t\t\t\t\t\t\t\t\t\t\t\t\t\t<\/div>\n\t\t\t\t<\/div>\n\t\t\t\t<div class=\"elementor-element elementor-element-5f52fd4 elementor-widget elementor-widget-text-editor\" data-id=\"5f52fd4\" data-element_type=\"widget\" data-widget_type=\"text-editor.default\">\n\t\t\t\t<div class=\"elementor-widget-container\">\n\t\t\t\t\t\t\t\t\t<p>We design, install, and maintain advanced automation systems that integrate seamlessly into your operations. Our services cover everything from design and maintenance to training, ensuring your staff can work efficiently with the systems.<\/p><p><strong>Benefits of Our Solutions:<\/strong><\/p><ul><li>Increased productivity with round-the-clock operation<\/li><li>Consistent quality through automated precision<\/li><li>Flexibility to meet new production demands<\/li><\/ul><p>Whether your business operates in manufacturing, logistics, or the food industry, we are here to help you take the next step towards an automated future. <span style=\"text-decoration: underline;\"><strong><a href=\"#kontakt\">Contact us<\/a><\/strong><\/span> today to discuss your needs.<\/p>\t\t\t\t\t\t\t\t<\/div>\n\t\t\t\t<\/div>\n\t\t\t\t\t<\/div>\n\t\t<\/div>\n\t\t\t\t\t<\/div>\n\t\t<\/section>\n\t\t\t\t<section class=\"elementor-section elementor-top-section elementor-element elementor-element-71554eb8 elementor-section-boxed elementor-section-height-default elementor-section-height-default\" data-id=\"71554eb8\" data-element_type=\"section\" id=\"kontakt\" data-settings=\"{&quot;jet_parallax_layout_list&quot;:[]}\">\n\t\t\t\t\t\t<div class=\"elementor-container elementor-column-gap-default\">\n\t\t\t\t\t<div class=\"elementor-column elementor-col-50 elementor-top-column elementor-element elementor-element-2333f9dc\" data-id=\"2333f9dc\" data-element_type=\"column\">\n\t\t\t<div class=\"elementor-widget-wrap elementor-element-populated\">\n\t\t\t\t\t\t<div class=\"elementor-element elementor-element-8a013c8 elementor-widget elementor-widget-heading\" data-id=\"8a013c8\" data-element_type=\"widget\" data-widget_type=\"heading.default\">\n\t\t\t\t<div class=\"elementor-widget-container\">\n\t\t\t\t\t<h3 class=\"elementor-heading-title elementor-size-default\">How can we assist you?<\/h3>\t\t\t\t<\/div>\n\t\t\t\t<\/div>\n\t\t\t\t<div class=\"elementor-element elementor-element-7d31342a elementor-widget elementor-widget-gva-heading-block\" data-id=\"7d31342a\" data-element_type=\"widget\" data-widget_type=\"gva-heading-block.default\">\n\t\t\t\t<div class=\"elementor-widget-container\">\n\t\t\t\t\t<div class=\"gva-element-gva-heading-block gva-element\">   <div class=\"align-left style-1 widget gsc-heading box-align-left auto-responsive\">\r\n      <div class=\"content-inner\">\r\n         \r\n                  \r\n           \r\n         \r\n                     <h2 class=\"title\">\r\n               <span>Questions? Feel free to contact us<\/span>\r\n            <\/h2>\r\n                  \r\n                     <div class=\"title-desc\">We offer everything from spare parts to complete automation solutions. Fill out the form and submit your inquiry \u2013 we\u2019ll get back to you as soon as possible.<\/div>\r\n         \r\n         \r\n      <\/div>\r\n   <\/div>\r\n<\/div>\t\t\t\t<\/div>\n\t\t\t\t<\/div>\n\t\t\t\t<div class=\"elementor-element elementor-element-b0ddf1a elementor-view-stacked elementor-shape-square elementor-position-left icon-box-left elementor-mobile-position-top elementor-widget elementor-widget-icon-box\" data-id=\"b0ddf1a\" data-element_type=\"widget\" data-widget_type=\"icon-box.default\">\n\t\t\t\t<div class=\"elementor-widget-container\">\n\t\t\t\t\t\t\t<div class=\"elementor-icon-box-wrapper\">\n\n\t\t\t\t\t\t<div class=\"elementor-icon-box-icon\">\n\t\t\t\t<a href=\"tel:+4690122040\" class=\"elementor-icon\" tabindex=\"-1\" aria-label=\"Call us\">\n\t\t\t\t<i aria-hidden=\"true\" class=\"picon-telephone\"><\/i>\t\t\t\t<\/a>\n\t\t\t<\/div>\n\t\t\t\n\t\t\t\t\t\t<div class=\"elementor-icon-box-content\">\n\n\t\t\t\t\t\t\t\t\t<h3 class=\"elementor-icon-box-title\">\n\t\t\t\t\t\t<a href=\"tel:+4690122040\" >\n\t\t\t\t\t\t\tCall us\t\t\t\t\t\t<\/a>\n\t\t\t\t\t<\/h3>\n\t\t\t\t\n\t\t\t\t\t\t\t\t\t<p class=\"elementor-icon-box-description\">\n\t\t\t\t\t\t+46 90-12 20 40\t\t\t\t\t<\/p>\n\t\t\t\t\n\t\t\t<\/div>\n\t\t\t\n\t\t<\/div>\n\t\t\t\t\t\t<\/div>\n\t\t\t\t<\/div>\n\t\t\t\t<div class=\"elementor-element elementor-element-11573cfb elementor-view-stacked elementor-shape-square elementor-position-left icon-box-left elementor-mobile-position-top elementor-widget elementor-widget-icon-box\" data-id=\"11573cfb\" data-element_type=\"widget\" data-widget_type=\"icon-box.default\">\n\t\t\t\t<div class=\"elementor-widget-container\">\n\t\t\t\t\t\t\t<div class=\"elementor-icon-box-wrapper\">\n\n\t\t\t\t\t\t<div class=\"elementor-icon-box-icon\">\n\t\t\t\t<a href=\"mailto:info@irs-ab.se\" class=\"elementor-icon\" tabindex=\"-1\" aria-label=\"Email us\">\n\t\t\t\t<i aria-hidden=\"true\" class=\"picon-email\"><\/i>\t\t\t\t<\/a>\n\t\t\t<\/div>\n\t\t\t\n\t\t\t\t\t\t<div class=\"elementor-icon-box-content\">\n\n\t\t\t\t\t\t\t\t\t<h3 class=\"elementor-icon-box-title\">\n\t\t\t\t\t\t<a href=\"mailto:info@irs-ab.se\" >\n\t\t\t\t\t\t\tEmail us\t\t\t\t\t\t<\/a>\n\t\t\t\t\t<\/h3>\n\t\t\t\t\n\t\t\t\t\t\t\t\t\t<p class=\"elementor-icon-box-description\">\n\t\t\t\t\t\tinfo@irs-ab.se\t\t\t\t\t<\/p>\n\t\t\t\t\n\t\t\t<\/div>\n\t\t\t\n\t\t<\/div>\n\t\t\t\t\t\t<\/div>\n\t\t\t\t<\/div>\n\t\t\t\t<div class=\"elementor-element elementor-element-22bd0d2e elementor-view-stacked elementor-shape-square elementor-position-left icon-box-left elementor-mobile-position-top elementor-widget elementor-widget-icon-box\" data-id=\"22bd0d2e\" data-element_type=\"widget\" data-widget_type=\"icon-box.default\">\n\t\t\t\t<div class=\"elementor-widget-container\">\n\t\t\t\t\t\t\t<div class=\"elementor-icon-box-wrapper\">\n\n\t\t\t\t\t\t<div class=\"elementor-icon-box-icon\">\n\t\t\t\t<a href=\"https:\/\/maps.app.goo.gl\/p8UX2jkv6Zy7a9LQ9\" target=\"_blank\" class=\"elementor-icon\" tabindex=\"-1\" aria-label=\"Visit us\">\n\t\t\t\t<i aria-hidden=\"true\" class=\"picon-pin\"><\/i>\t\t\t\t<\/a>\n\t\t\t<\/div>\n\t\t\t\n\t\t\t\t\t\t<div class=\"elementor-icon-box-content\">\n\n\t\t\t\t\t\t\t\t\t<h3 class=\"elementor-icon-box-title\">\n\t\t\t\t\t\t<a href=\"https:\/\/maps.app.goo.gl\/p8UX2jkv6Zy7a9LQ9\" target=\"_blank\" >\n\t\t\t\t\t\t\tVisit us\t\t\t\t\t\t<\/a>\n\t\t\t\t\t<\/h3>\n\t\t\t\t\n\t\t\t\t\t\t\t\t\t<p class=\"elementor-icon-box-description\">\n\t\t\t\t\t\tStenhuggaregatan 11,\n913 35 Holmsund\t\t\t\t\t<\/p>\n\t\t\t\t\n\t\t\t<\/div>\n\t\t\t\n\t\t<\/div>\n\t\t\t\t\t\t<\/div>\n\t\t\t\t<\/div>\n\t\t\t\t\t<\/div>\n\t\t<\/div>\n\t\t\t\t<div class=\"elementor-column elementor-col-50 elementor-top-column elementor-element elementor-element-5b743b20\" data-id=\"5b743b20\" data-element_type=\"column\">\n\t\t\t<div class=\"elementor-widget-wrap elementor-element-populated\">\n\t\t\t\t\t\t<div class=\"elementor-element elementor-element-77af69c0 top-color-theme elementor-widget elementor-widget-shortcode\" data-id=\"77af69c0\" data-element_type=\"widget\" data-widget_type=\"shortcode.default\">\n\t\t\t\t<div class=\"elementor-widget-container\">\n\t\t\t\t\t\t\t<div class=\"elementor-shortcode\"><p class=\"wpcf7-contact-form-not-found\"><strong>Error:<\/strong> Contact form not found.<\/p><\/div>\n\t\t\t\t\t\t<\/div>\n\t\t\t\t<\/div>\n\t\t\t\t\t<\/div>\n\t\t<\/div>\n\t\t\t\t\t<\/div>\n\t\t<\/section>\n\t\t\t\t<\/div>","protected":false},"excerpt":{"rendered":"<p>Automation Kompletta &amp; flexibla robotl\u00f6sningar f\u00f6r industrier Veta mer om v\u00e5ra produkter? Ring oss eller maila +46 90 12 20 40 Kontakta oss Din industripartner Kompletta Automationsl\u00f6sningar med Robotar f\u00f6r Industriell Effektivitet Automatisering \u00e4r nyckeln till effektivare produktion, h\u00f6gre kvalitet och l\u00e4gre kostnader. Industri &amp; Robotservice Sweden AB erbjuder skr\u00e4ddarsydda automationsl\u00f6sningar som hj\u00e4lper f\u00f6retag inom [&hellip;]<\/p>","protected":false},"author":1,"featured_media":1155,"parent":0,"menu_order":0,"comment_status":"closed","ping_status":"closed","template":"","meta":{"inline_featured_image":false,"footnotes":""},"class_list":["post-566","page","type-page","status-publish","has-post-thumbnail","hentry"],"yoast_head":"<!-- This site is optimized with the Yoast SEO plugin v25.7 - https:\/\/yoast.com\/wordpress\/plugins\/seo\/ -->\n<title>Automationsl\u00f6sningar med Robotar f\u00f6r Industriell Effektivitet<\/title>\n<meta name=\"description\" content=\"Vi erbjuder skr\u00e4ddarsydda automationsl\u00f6sningar som hj\u00e4lper f\u00f6retag inom olika branscher att optimera sina processer och m\u00f6ta framtidens krav.\" \/>\n<meta name=\"robots\" content=\"index, follow, max-snippet:-1, max-image-preview:large, max-video-preview:-1\" \/>\n<link rel=\"canonical\" href=\"https:\/\/irs-ab.se\/en\/automation\/\" \/>\n<meta property=\"og:locale\" content=\"en_GB\" \/>\n<meta property=\"og:type\" content=\"article\" \/>\n<meta property=\"og:title\" content=\"Automationsl\u00f6sningar med Robotar f\u00f6r Industriell Effektivitet\" \/>\n<meta property=\"og:description\" content=\"Vi erbjuder skr\u00e4ddarsydda automationsl\u00f6sningar som hj\u00e4lper f\u00f6retag inom olika branscher att optimera sina processer och m\u00f6ta framtidens krav.\" \/>\n<meta property=\"og:url\" content=\"https:\/\/irs-ab.se\/en\/automation\/\" \/>\n<meta property=\"og:site_name\" content=\"Industri &amp; Robotservice Sweden AB\" \/>\n<meta property=\"article:publisher\" content=\"https:\/\/www.facebook.com\/p\/Industri-Robotservice-Sweden-AB-100078724971630\/\" \/>\n<meta property=\"article:modified_time\" content=\"2025-02-07T07:47:03+00:00\" \/>\n<meta property=\"og:image\" content=\"https:\/\/irs-ab.se\/wp-content\/uploads\/2025\/01\/automation-robot-1300x750-1.jpg\" \/>\n\t<meta property=\"og:image:width\" content=\"1300\" \/>\n\t<meta property=\"og:image:height\" content=\"750\" \/>\n\t<meta property=\"og:image:type\" content=\"image\/jpeg\" \/>\n<meta name=\"twitter:card\" content=\"summary_large_image\" \/>\n<meta name=\"twitter:label1\" content=\"Estimated reading time\" \/>\n\t<meta name=\"twitter:data1\" content=\"2 minutes\" \/>\n<script type=\"application\/ld+json\" class=\"yoast-schema-graph\">{\"@context\":\"https:\/\/schema.org\",\"@graph\":[{\"@type\":\"WebPage\",\"@id\":\"https:\/\/irs-ab.se\/automation\/\",\"url\":\"https:\/\/irs-ab.se\/automation\/\",\"name\":\"Automationsl\u00f6sningar med Robotar f\u00f6r Industriell Effektivitet\",\"isPartOf\":{\"@id\":\"https:\/\/irs-ab.se\/#website\"},\"primaryImageOfPage\":{\"@id\":\"https:\/\/irs-ab.se\/automation\/#primaryimage\"},\"image\":{\"@id\":\"https:\/\/irs-ab.se\/automation\/#primaryimage\"},\"thumbnailUrl\":\"https:\/\/irs-ab.se\/wp-content\/uploads\/2025\/01\/automation-robot-1300x750-1.jpg\",\"datePublished\":\"2023-12-04T03:01:09+00:00\",\"dateModified\":\"2025-02-07T07:47:03+00:00\",\"description\":\"Vi erbjuder skr\u00e4ddarsydda automationsl\u00f6sningar som hj\u00e4lper f\u00f6retag inom olika branscher att optimera sina processer och m\u00f6ta framtidens krav.\",\"breadcrumb\":{\"@id\":\"https:\/\/irs-ab.se\/automation\/#breadcrumb\"},\"inLanguage\":\"en-GB\",\"potentialAction\":[{\"@type\":\"ReadAction\",\"target\":[\"https:\/\/irs-ab.se\/automation\/\"]}]},{\"@type\":\"ImageObject\",\"inLanguage\":\"en-GB\",\"@id\":\"https:\/\/irs-ab.se\/automation\/#primaryimage\",\"url\":\"https:\/\/irs-ab.se\/wp-content\/uploads\/2025\/01\/automation-robot-1300x750-1.jpg\",\"contentUrl\":\"https:\/\/irs-ab.se\/wp-content\/uploads\/2025\/01\/automation-robot-1300x750-1.jpg\",\"width\":1300,\"height\":750,\"caption\":\"Automation med robotar f\u00f6r industrier\"},{\"@type\":\"BreadcrumbList\",\"@id\":\"https:\/\/irs-ab.se\/automation\/#breadcrumb\",\"itemListElement\":[{\"@type\":\"ListItem\",\"position\":1,\"name\":\"Hem\",\"item\":\"https:\/\/irs-ab.se\/\"},{\"@type\":\"ListItem\",\"position\":2,\"name\":\"Automation\"}]},{\"@type\":\"WebSite\",\"@id\":\"https:\/\/irs-ab.se\/#website\",\"url\":\"https:\/\/irs-ab.se\/\",\"name\":\"Industri & Robotservice Sweden AB\",\"description\":\"Robotteknik och Automation\",\"potentialAction\":[{\"@type\":\"SearchAction\",\"target\":{\"@type\":\"EntryPoint\",\"urlTemplate\":\"https:\/\/irs-ab.se\/?s={search_term_string}\"},\"query-input\":{\"@type\":\"PropertyValueSpecification\",\"valueRequired\":true,\"valueName\":\"search_term_string\"}}],\"inLanguage\":\"en-GB\"}]}<\/script>\n<!-- \/ Yoast SEO plugin. -->","yoast_head_json":{"title":"Automationsl\u00f6sningar med Robotar f\u00f6r Industriell Effektivitet","description":"Vi erbjuder skr\u00e4ddarsydda automationsl\u00f6sningar som hj\u00e4lper f\u00f6retag inom olika branscher att optimera sina processer och m\u00f6ta framtidens krav.","robots":{"index":"index","follow":"follow","max-snippet":"max-snippet:-1","max-image-preview":"max-image-preview:large","max-video-preview":"max-video-preview:-1"},"canonical":"https:\/\/irs-ab.se\/en\/automation\/","og_locale":"en_GB","og_type":"article","og_title":"Automationsl\u00f6sningar med Robotar f\u00f6r Industriell Effektivitet","og_description":"Vi erbjuder skr\u00e4ddarsydda automationsl\u00f6sningar som hj\u00e4lper f\u00f6retag inom olika branscher att optimera sina processer och m\u00f6ta framtidens krav.","og_url":"https:\/\/irs-ab.se\/en\/automation\/","og_site_name":"Industri &amp; Robotservice Sweden AB","article_publisher":"https:\/\/www.facebook.com\/p\/Industri-Robotservice-Sweden-AB-100078724971630\/","article_modified_time":"2025-02-07T07:47:03+00:00","og_image":[{"width":1300,"height":750,"url":"https:\/\/irs-ab.se\/wp-content\/uploads\/2025\/01\/automation-robot-1300x750-1.jpg","type":"image\/jpeg"}],"twitter_card":"summary_large_image","twitter_misc":{"Estimated reading time":"2 minutes"},"schema":{"@context":"https:\/\/schema.org","@graph":[{"@type":"WebPage","@id":"https:\/\/irs-ab.se\/automation\/","url":"https:\/\/irs-ab.se\/automation\/","name":"Automationsl\u00f6sningar med Robotar f\u00f6r Industriell Effektivitet","isPartOf":{"@id":"https:\/\/irs-ab.se\/#website"},"primaryImageOfPage":{"@id":"https:\/\/irs-ab.se\/automation\/#primaryimage"},"image":{"@id":"https:\/\/irs-ab.se\/automation\/#primaryimage"},"thumbnailUrl":"https:\/\/irs-ab.se\/wp-content\/uploads\/2025\/01\/automation-robot-1300x750-1.jpg","datePublished":"2023-12-04T03:01:09+00:00","dateModified":"2025-02-07T07:47:03+00:00","description":"Vi erbjuder skr\u00e4ddarsydda automationsl\u00f6sningar som hj\u00e4lper f\u00f6retag inom olika branscher att optimera sina processer och m\u00f6ta framtidens krav.","breadcrumb":{"@id":"https:\/\/irs-ab.se\/automation\/#breadcrumb"},"inLanguage":"en-GB","potentialAction":[{"@type":"ReadAction","target":["https:\/\/irs-ab.se\/automation\/"]}]},{"@type":"ImageObject","inLanguage":"en-GB","@id":"https:\/\/irs-ab.se\/automation\/#primaryimage","url":"https:\/\/irs-ab.se\/wp-content\/uploads\/2025\/01\/automation-robot-1300x750-1.jpg","contentUrl":"https:\/\/irs-ab.se\/wp-content\/uploads\/2025\/01\/automation-robot-1300x750-1.jpg","width":1300,"height":750,"caption":"Automation med robotar f\u00f6r industrier"},{"@type":"BreadcrumbList","@id":"https:\/\/irs-ab.se\/automation\/#breadcrumb","itemListElement":[{"@type":"ListItem","position":1,"name":"Hem","item":"https:\/\/irs-ab.se\/"},{"@type":"ListItem","position":2,"name":"Automation"}]},{"@type":"WebSite","@id":"https:\/\/irs-ab.se\/#website","url":"https:\/\/irs-ab.se\/","name":"Industri & Robotservice Sweden AB","description":"Robotteknik och Automation","potentialAction":[{"@type":"SearchAction","target":{"@type":"EntryPoint","urlTemplate":"https:\/\/irs-ab.se\/?s={search_term_string}"},"query-input":{"@type":"PropertyValueSpecification","valueRequired":true,"valueName":"search_term_string"}}],"inLanguage":"en-GB"}]}},"_links":{"self":[{"href":"https:\/\/irs-ab.se\/en\/wp-json\/wp\/v2\/pages\/566","targetHints":{"allow":["GET"]}}],"collection":[{"href":"https:\/\/irs-ab.se\/en\/wp-json\/wp\/v2\/pages"}],"about":[{"href":"https:\/\/irs-ab.se\/en\/wp-json\/wp\/v2\/types\/page"}],"author":[{"embeddable":true,"href":"https:\/\/irs-ab.se\/en\/wp-json\/wp\/v2\/users\/1"}],"replies":[{"embeddable":true,"href":"https:\/\/irs-ab.se\/en\/wp-json\/wp\/v2\/comments?post=566"}],"version-history":[{"count":0,"href":"https:\/\/irs-ab.se\/en\/wp-json\/wp\/v2\/pages\/566\/revisions"}],"wp:featuredmedia":[{"embeddable":true,"href":"https:\/\/irs-ab.se\/en\/wp-json\/wp\/v2\/media\/1155"}],"wp:attachment":[{"href":"https:\/\/irs-ab.se\/en\/wp-json\/wp\/v2\/media?parent=566"}],"curies":[{"name":"wp","href":"https:\/\/api.w.org\/{rel}","templated":true}]}}