{"id":1504,"date":"2025-01-16T14:32:41","date_gmt":"2025-01-16T13:32:41","guid":{"rendered":"https:\/\/irs.chillimedia.site\/?page_id=1504"},"modified":"2025-02-06T09:56:41","modified_gmt":"2025-02-06T08:56:41","slug":"om-oss","status":"publish","type":"page","link":"https:\/\/irs-ab.se\/en\/om-oss\/","title":{"rendered":"About us"},"content":{"rendered":"<div data-elementor-type=\"wp-page\" data-elementor-id=\"1504\" class=\"elementor elementor-1504\" data-elementor-post-type=\"page\">\n\t\t\t\t\t\t<section class=\"elementor-section elementor-top-section elementor-element elementor-element-6643a9c0 elementor-section-boxed elementor-section-height-default elementor-section-height-default\" data-id=\"6643a9c0\" data-element_type=\"section\" data-settings=\"{&quot;background_background&quot;:&quot;slideshow&quot;,&quot;background_slideshow_gallery&quot;:[{&quot;id&quot;:1021,&quot;url&quot;:&quot;http:\\\/\\\/irs-ab.se\\\/wp-content\\\/uploads\\\/2025\\\/01\\\/bc-irs-1.jpg&quot;},{&quot;id&quot;:1022,&quot;url&quot;:&quot;http:\\\/\\\/irs-ab.se\\\/wp-content\\\/uploads\\\/2025\\\/01\\\/bc-irs-2.jpg&quot;}],&quot;background_slideshow_ken_burns&quot;:&quot;yes&quot;,&quot;jet_parallax_layout_list&quot;:[],&quot;background_slideshow_loop&quot;:&quot;yes&quot;,&quot;background_slideshow_slide_duration&quot;:5000,&quot;background_slideshow_slide_transition&quot;:&quot;fade&quot;,&quot;background_slideshow_transition_duration&quot;:500,&quot;background_slideshow_ken_burns_zoom_direction&quot;:&quot;in&quot;}\">\n\t\t\t\t\t\t\t<div class=\"elementor-background-overlay\"><\/div>\n\t\t\t\t\t\t\t<div class=\"elementor-container elementor-column-gap-default\">\n\t\t\t\t\t<div class=\"elementor-column elementor-col-100 elementor-top-column elementor-element elementor-element-598a3b9\" data-id=\"598a3b9\" data-element_type=\"column\">\n\t\t\t<div class=\"elementor-widget-wrap elementor-element-populated\">\n\t\t\t\t\t\t<div class=\"elementor-element elementor-element-6677922 elementor-widget elementor-widget-gva-heading-block\" data-id=\"6677922\" data-element_type=\"widget\" data-widget_type=\"gva-heading-block.default\">\n\t\t\t\t<div class=\"elementor-widget-container\">\n\t\t\t\t\t<div class=\"gva-element-gva-heading-block gva-element\">   <div class=\"align-left style-1 widget gsc-heading box-align-left auto-responsive\">\r\n      <div class=\"content-inner\">\r\n         \r\n                  \r\n           \r\n         \r\n                     <h2 class=\"title\">\r\n               <span>About us<\/span>\r\n            <\/h2>\r\n                  \r\n                     <div class=\"title-desc\">Complete &amp; Flexible Robotic Solutions for Industries<\/div>\r\n         \r\n         \r\n      <\/div>\r\n   <\/div>\r\n<\/div>\t\t\t\t<\/div>\n\t\t\t\t<\/div>\n\t\t\t\t\t<\/div>\n\t\t<\/div>\n\t\t\t\t\t<\/div>\n\t\t<\/section>\n\t\t\t\t<section class=\"elementor-section elementor-top-section elementor-element elementor-element-85ed5e7 elementor-reverse-tablet elementor-reverse-mobile elementor-section-boxed elementor-section-height-default elementor-section-height-default\" data-id=\"85ed5e7\" data-element_type=\"section\" data-settings=\"{&quot;jet_parallax_layout_list&quot;:[]}\">\n\t\t\t\t\t\t<div class=\"elementor-container elementor-column-gap-default\">\n\t\t\t\t\t<div class=\"elementor-column elementor-col-50 elementor-top-column elementor-element elementor-element-51904d8a\" data-id=\"51904d8a\" data-element_type=\"column\">\n\t\t\t<div class=\"elementor-widget-wrap elementor-element-populated\">\n\t\t\t\t\t\t<section class=\"elementor-section elementor-inner-section elementor-element elementor-element-74a7dc03 elementor-section-boxed elementor-section-height-default elementor-section-height-default\" data-id=\"74a7dc03\" data-element_type=\"section\" data-settings=\"{&quot;background_background&quot;:&quot;classic&quot;,&quot;jet_parallax_layout_list&quot;:[]}\">\n\t\t\t\t\t\t\t<div class=\"elementor-background-overlay\"><\/div>\n\t\t\t\t\t\t\t<div class=\"elementor-container elementor-column-gap-default\">\n\t\t\t\t\t<div class=\"elementor-column elementor-col-100 elementor-inner-column elementor-element elementor-element-7ea2bf11\" data-id=\"7ea2bf11\" data-element_type=\"column\">\n\t\t\t<div class=\"elementor-widget-wrap elementor-element-populated\">\n\t\t\t\t\t\t<div class=\"elementor-element elementor-element-2dba2557 elementor-view-stacked elementor-shape-circle elementor-position-top elementor-mobile-position-top elementor-widget elementor-widget-icon-box\" data-id=\"2dba2557\" data-element_type=\"widget\" data-widget_type=\"icon-box.default\">\n\t\t\t\t<div class=\"elementor-widget-container\">\n\t\t\t\t\t\t\t<div class=\"elementor-icon-box-wrapper\">\n\n\t\t\t\t\t\t<div class=\"elementor-icon-box-icon\">\n\t\t\t\t<span  class=\"elementor-icon\">\n\t\t\t\t<i aria-hidden=\"true\" class=\"picon-chat\"><\/i>\t\t\t\t<\/span>\n\t\t\t<\/div>\n\t\t\t\n\t\t\t\t\t\t<div class=\"elementor-icon-box-content\">\n\n\t\t\t\t\t\t\t\t\t<h3 class=\"elementor-icon-box-title\">\n\t\t\t\t\t\t<span  >\n\t\t\t\t\t\t\tKnow more about our products?\t\t\t\t\t\t<\/span>\n\t\t\t\t\t<\/h3>\n\t\t\t\t\n\t\t\t\t\n\t\t\t<\/div>\n\t\t\t\n\t\t<\/div>\n\t\t\t\t\t\t<\/div>\n\t\t\t\t<\/div>\n\t\t\t\t<div class=\"elementor-element elementor-element-5e7149b7 elementor-widget elementor-widget-text-editor\" data-id=\"5e7149b7\" data-element_type=\"widget\" data-widget_type=\"text-editor.default\">\n\t\t\t\t<div class=\"elementor-widget-container\">\n\t\t\t\t\t\t\t\t\t<div>Call or mail us<\/div>\t\t\t\t\t\t\t\t<\/div>\n\t\t\t\t<\/div>\n\t\t\t\t<div class=\"elementor-element elementor-element-65adb761 elementor-widget elementor-widget-text-editor\" data-id=\"65adb761\" data-element_type=\"widget\" data-widget_type=\"text-editor.default\">\n\t\t\t\t<div class=\"elementor-widget-container\">\n\t\t\t\t\t\t\t\t\t<p><a class=\"text-white\" href=\"tel:+4690122040\">+46 90 12 20 40<\/a><\/p>\t\t\t\t\t\t\t\t<\/div>\n\t\t\t\t<\/div>\n\t\t\t\t<div class=\"elementor-element elementor-element-e6a3243 elementor-widget__width-auto hidden-large elementor-widget elementor-widget-html\" data-id=\"e6a3243\" data-element_type=\"widget\" data-widget_type=\"html.default\">\n\t\t\t\t<div class=\"elementor-widget-container\">\n\t\t\t\t\t<a class=\"btn-white\" href=\"\/en\/kontakt\/\">\nContact us\n<\/a>\t\t\t\t<\/div>\n\t\t\t\t<\/div>\n\t\t\t\t\t<\/div>\n\t\t<\/div>\n\t\t\t\t\t<\/div>\n\t\t<\/section>\n\t\t\t\t\t<\/div>\n\t\t<\/div>\n\t\t\t\t<div class=\"elementor-column elementor-col-50 elementor-top-column elementor-element elementor-element-211ca19c\" data-id=\"211ca19c\" data-element_type=\"column\">\n\t\t\t<div class=\"elementor-widget-wrap elementor-element-populated\">\n\t\t\t\t\t\t<div class=\"elementor-element elementor-element-4340c8f elementor-widget elementor-widget-heading\" data-id=\"4340c8f\" data-element_type=\"widget\" data-widget_type=\"heading.default\">\n\t\t\t\t<div class=\"elementor-widget-container\">\n\t\t\t\t\t<h3 class=\"elementor-heading-title elementor-size-default\">Your Industrial Partner<\/h3>\t\t\t\t<\/div>\n\t\t\t\t<\/div>\n\t\t\t\t<div class=\"elementor-element elementor-element-5434a3a elementor-widget elementor-widget-heading\" data-id=\"5434a3a\" data-element_type=\"widget\" data-widget_type=\"heading.default\">\n\t\t\t\t<div class=\"elementor-widget-container\">\n\t\t\t\t\t<h1 class=\"elementor-heading-title elementor-size-default\">About Industri &amp; Robotservice Sweden AB<\/h1>\t\t\t\t<\/div>\n\t\t\t\t<\/div>\n\t\t\t\t<div class=\"elementor-element elementor-element-363c14e elementor-widget elementor-widget-text-editor\" data-id=\"363c14e\" data-element_type=\"widget\" data-widget_type=\"text-editor.default\">\n\t\t\t\t<div class=\"elementor-widget-container\">\n\t\t\t\t\t\t\t\t\t<p><strong>Industri &amp; Robotservice Sweden AB<\/strong> (IRS AB) \u00e4r ett svenskt f\u00f6retag med omfattande erfarenhet inom industriell automation och robotteknik. Vi specialiserar oss p\u00e5 f\u00f6rs\u00e4ljning, installation och service av industrirobotar, inklusive ABB-system fr\u00e5n S2 till IRC5 och Motoman-system fr\u00e5n ERC till YRC1000. Vi \u00e4r \u00e4ven systempartner till Yaskawa.<\/p><p>Our headquarters are located in Ume\u00e5, Sweden, but we undertake assignments across Europe. Our customers include Komas in Estonia, HG Timber in England, and Faber Pallets in the Netherlands.<\/p><p>In addition to our robotic services, we offer in-house design and manufacturing of equipment for industrial applications. Our goal is to provide tailored solutions that streamline and enhance our customers' production processes.<\/p><p>With our expertise and dedication, we strive to be a reliable partner for companies looking to optimise their production through advanced robotics and automation.<\/p>\t\t\t\t\t\t\t\t<\/div>\n\t\t\t\t<\/div>\n\t\t\t\t<div class=\"elementor-element elementor-element-8387e3d custom-shadow elementor-widget elementor-widget-image\" data-id=\"8387e3d\" data-element_type=\"widget\" data-widget_type=\"image.default\">\n\t\t\t\t<div class=\"elementor-widget-container\">\n\t\t\t\t\t\t\t\t\t\t\t\t\t\t\t<img fetchpriority=\"high\" decoding=\"async\" width=\"900\" height=\"951\" src=\"https:\/\/irs-ab.se\/wp-content\/uploads\/2025\/02\/om-oss-1400x1480-1-969x1024.jpg\" class=\"attachment-large size-large wp-image-1579\" alt=\"IRS - Om oss\" srcset=\"https:\/\/irs-ab.se\/wp-content\/uploads\/2025\/02\/om-oss-1400x1480-1-969x1024.jpg 969w, https:\/\/irs-ab.se\/wp-content\/uploads\/2025\/02\/om-oss-1400x1480-1-768x812.jpg 768w, https:\/\/irs-ab.se\/wp-content\/uploads\/2025\/02\/om-oss-1400x1480-1-11x12.jpg 11w, https:\/\/irs-ab.se\/wp-content\/uploads\/2025\/02\/om-oss-1400x1480-1-600x634.jpg 600w, https:\/\/irs-ab.se\/wp-content\/uploads\/2025\/02\/om-oss-1400x1480-1.jpg 1400w\" sizes=\"(max-width: 900px) 100vw, 900px\" \/>\t\t\t\t\t\t\t\t\t\t\t\t\t\t\t<\/div>\n\t\t\t\t<\/div>\n\t\t\t\t\t<\/div>\n\t\t<\/div>\n\t\t\t\t\t<\/div>\n\t\t<\/section>\n\t\t\t\t<section class=\"elementor-section elementor-top-section elementor-element elementor-element-71554eb8 elementor-section-boxed elementor-section-height-default elementor-section-height-default\" data-id=\"71554eb8\" data-element_type=\"section\" id=\"kontakt\" data-settings=\"{&quot;jet_parallax_layout_list&quot;:[]}\">\n\t\t\t\t\t\t<div class=\"elementor-container elementor-column-gap-default\">\n\t\t\t\t\t<div class=\"elementor-column elementor-col-50 elementor-top-column elementor-element elementor-element-2333f9dc\" data-id=\"2333f9dc\" data-element_type=\"column\">\n\t\t\t<div class=\"elementor-widget-wrap elementor-element-populated\">\n\t\t\t\t\t\t<div class=\"elementor-element elementor-element-8a013c8 elementor-widget elementor-widget-heading\" data-id=\"8a013c8\" data-element_type=\"widget\" data-widget_type=\"heading.default\">\n\t\t\t\t<div class=\"elementor-widget-container\">\n\t\t\t\t\t<h3 class=\"elementor-heading-title elementor-size-default\">How can we assist you?<\/h3>\t\t\t\t<\/div>\n\t\t\t\t<\/div>\n\t\t\t\t<div class=\"elementor-element elementor-element-7d31342a elementor-widget elementor-widget-gva-heading-block\" data-id=\"7d31342a\" data-element_type=\"widget\" data-widget_type=\"gva-heading-block.default\">\n\t\t\t\t<div class=\"elementor-widget-container\">\n\t\t\t\t\t<div class=\"gva-element-gva-heading-block gva-element\">   <div class=\"align-left style-1 widget gsc-heading box-align-left auto-responsive\">\r\n      <div class=\"content-inner\">\r\n         \r\n                  \r\n           \r\n         \r\n                     <h2 class=\"title\">\r\n               <span>Questions? Feel free to contact us<\/span>\r\n            <\/h2>\r\n                  \r\n                     <div class=\"title-desc\">We offer everything from spare parts to complete automation solutions. Fill out the form and submit your inquiry \u2013 we\u2019ll get back to you as soon as possible.<\/div>\r\n         \r\n         \r\n      <\/div>\r\n   <\/div>\r\n<\/div>\t\t\t\t<\/div>\n\t\t\t\t<\/div>\n\t\t\t\t<div class=\"elementor-element elementor-element-b0ddf1a elementor-view-stacked elementor-shape-square elementor-position-left icon-box-left elementor-mobile-position-top elementor-widget elementor-widget-icon-box\" data-id=\"b0ddf1a\" data-element_type=\"widget\" data-widget_type=\"icon-box.default\">\n\t\t\t\t<div class=\"elementor-widget-container\">\n\t\t\t\t\t\t\t<div class=\"elementor-icon-box-wrapper\">\n\n\t\t\t\t\t\t<div class=\"elementor-icon-box-icon\">\n\t\t\t\t<a href=\"tel:+4690122040\" class=\"elementor-icon\" tabindex=\"-1\" aria-label=\"Call us\">\n\t\t\t\t<i aria-hidden=\"true\" class=\"picon-telephone\"><\/i>\t\t\t\t<\/a>\n\t\t\t<\/div>\n\t\t\t\n\t\t\t\t\t\t<div class=\"elementor-icon-box-content\">\n\n\t\t\t\t\t\t\t\t\t<h3 class=\"elementor-icon-box-title\">\n\t\t\t\t\t\t<a href=\"tel:+4690122040\" >\n\t\t\t\t\t\t\tCall us\t\t\t\t\t\t<\/a>\n\t\t\t\t\t<\/h3>\n\t\t\t\t\n\t\t\t\t\t\t\t\t\t<p class=\"elementor-icon-box-description\">\n\t\t\t\t\t\t+46 90-12 20 40\t\t\t\t\t<\/p>\n\t\t\t\t\n\t\t\t<\/div>\n\t\t\t\n\t\t<\/div>\n\t\t\t\t\t\t<\/div>\n\t\t\t\t<\/div>\n\t\t\t\t<div class=\"elementor-element elementor-element-11573cfb elementor-view-stacked elementor-shape-square elementor-position-left icon-box-left elementor-mobile-position-top elementor-widget elementor-widget-icon-box\" data-id=\"11573cfb\" data-element_type=\"widget\" data-widget_type=\"icon-box.default\">\n\t\t\t\t<div class=\"elementor-widget-container\">\n\t\t\t\t\t\t\t<div class=\"elementor-icon-box-wrapper\">\n\n\t\t\t\t\t\t<div class=\"elementor-icon-box-icon\">\n\t\t\t\t<a href=\"mailto:info@irs-ab.se\" class=\"elementor-icon\" tabindex=\"-1\" aria-label=\"Email us\">\n\t\t\t\t<i aria-hidden=\"true\" class=\"picon-email\"><\/i>\t\t\t\t<\/a>\n\t\t\t<\/div>\n\t\t\t\n\t\t\t\t\t\t<div class=\"elementor-icon-box-content\">\n\n\t\t\t\t\t\t\t\t\t<h3 class=\"elementor-icon-box-title\">\n\t\t\t\t\t\t<a href=\"mailto:info@irs-ab.se\" >\n\t\t\t\t\t\t\tEmail us\t\t\t\t\t\t<\/a>\n\t\t\t\t\t<\/h3>\n\t\t\t\t\n\t\t\t\t\t\t\t\t\t<p class=\"elementor-icon-box-description\">\n\t\t\t\t\t\tinfo@irs-ab.se\t\t\t\t\t<\/p>\n\t\t\t\t\n\t\t\t<\/div>\n\t\t\t\n\t\t<\/div>\n\t\t\t\t\t\t<\/div>\n\t\t\t\t<\/div>\n\t\t\t\t<div class=\"elementor-element elementor-element-22bd0d2e elementor-view-stacked elementor-shape-square elementor-position-left icon-box-left elementor-mobile-position-top elementor-widget elementor-widget-icon-box\" data-id=\"22bd0d2e\" data-element_type=\"widget\" data-widget_type=\"icon-box.default\">\n\t\t\t\t<div class=\"elementor-widget-container\">\n\t\t\t\t\t\t\t<div class=\"elementor-icon-box-wrapper\">\n\n\t\t\t\t\t\t<div class=\"elementor-icon-box-icon\">\n\t\t\t\t<a href=\"https:\/\/maps.app.goo.gl\/p8UX2jkv6Zy7a9LQ9\" target=\"_blank\" class=\"elementor-icon\" tabindex=\"-1\" aria-label=\"Visit us\">\n\t\t\t\t<i aria-hidden=\"true\" class=\"picon-pin\"><\/i>\t\t\t\t<\/a>\n\t\t\t<\/div>\n\t\t\t\n\t\t\t\t\t\t<div class=\"elementor-icon-box-content\">\n\n\t\t\t\t\t\t\t\t\t<h3 class=\"elementor-icon-box-title\">\n\t\t\t\t\t\t<a href=\"https:\/\/maps.app.goo.gl\/p8UX2jkv6Zy7a9LQ9\" target=\"_blank\" >\n\t\t\t\t\t\t\tVisit us\t\t\t\t\t\t<\/a>\n\t\t\t\t\t<\/h3>\n\t\t\t\t\n\t\t\t\t\t\t\t\t\t<p class=\"elementor-icon-box-description\">\n\t\t\t\t\t\tStenhuggaregatan 11,\n913 35 Holmsund\t\t\t\t\t<\/p>\n\t\t\t\t\n\t\t\t<\/div>\n\t\t\t\n\t\t<\/div>\n\t\t\t\t\t\t<\/div>\n\t\t\t\t<\/div>\n\t\t\t\t\t<\/div>\n\t\t<\/div>\n\t\t\t\t<div class=\"elementor-column elementor-col-50 elementor-top-column elementor-element elementor-element-5b743b20\" data-id=\"5b743b20\" data-element_type=\"column\">\n\t\t\t<div class=\"elementor-widget-wrap elementor-element-populated\">\n\t\t\t\t\t\t<div class=\"elementor-element elementor-element-77af69c0 top-color-theme elementor-widget elementor-widget-shortcode\" data-id=\"77af69c0\" data-element_type=\"widget\" data-widget_type=\"shortcode.default\">\n\t\t\t\t<div class=\"elementor-widget-container\">\n\t\t\t\t\t\t\t<div class=\"elementor-shortcode\"><p class=\"wpcf7-contact-form-not-found\"><strong>Error:<\/strong> Contact form not found.<\/p><\/div>\n\t\t\t\t\t\t<\/div>\n\t\t\t\t<\/div>\n\t\t\t\t\t<\/div>\n\t\t<\/div>\n\t\t\t\t\t<\/div>\n\t\t<\/section>\n\t\t\t\t<\/div>","protected":false},"excerpt":{"rendered":"<p>Om oss Kompletta &amp; flexibla robotl\u00f6sningar f\u00f6r industrier Veta mer om v\u00e5ra produkter? Ring oss eller maila +46 90 12 20 40 Kontakta oss Din industripartner Om Industri &amp; Robotservice Sweden AB Industri &amp; Robotservice Sweden AB (IRS AB) \u00e4r ett svenskt f\u00f6retag med omfattande erfarenhet inom industriell automation och robotteknik. Vi specialiserar oss p\u00e5 [&hellip;]<\/p>","protected":false},"author":1,"featured_media":0,"parent":0,"menu_order":0,"comment_status":"closed","ping_status":"closed","template":"","meta":{"inline_featured_image":false,"footnotes":""},"class_list":["post-1504","page","type-page","status-publish","hentry"],"yoast_head":"<!-- This site is optimized with the Yoast SEO plugin v25.7 - https:\/\/yoast.com\/wordpress\/plugins\/seo\/ -->\n<title>Om oss - Industri &amp; Robotservice Sweden AB<\/title>\n<meta name=\"robots\" content=\"index, follow, max-snippet:-1, max-image-preview:large, max-video-preview:-1\" \/>\n<link rel=\"canonical\" href=\"https:\/\/irs-ab.se\/en\/om-oss\/\" \/>\n<meta property=\"og:locale\" content=\"en_GB\" \/>\n<meta property=\"og:type\" content=\"article\" \/>\n<meta property=\"og:title\" content=\"Om oss - Industri &amp; Robotservice Sweden AB\" \/>\n<meta property=\"og:description\" content=\"Om oss Kompletta &amp; flexibla robotl\u00f6sningar f\u00f6r industrier Veta mer om v\u00e5ra produkter? Ring oss eller maila +46 90 12 20 40 Kontakta oss Din industripartner Om Industri &amp; Robotservice Sweden AB Industri &amp; Robotservice Sweden AB (IRS AB) \u00e4r ett svenskt f\u00f6retag med omfattande erfarenhet inom industriell automation och robotteknik. Vi specialiserar oss p\u00e5 [&hellip;]\" \/>\n<meta property=\"og:url\" content=\"https:\/\/irs-ab.se\/en\/om-oss\/\" \/>\n<meta property=\"og:site_name\" content=\"Industri &amp; Robotservice Sweden AB\" \/>\n<meta property=\"article:publisher\" content=\"https:\/\/www.facebook.com\/p\/Industri-Robotservice-Sweden-AB-100078724971630\/\" \/>\n<meta property=\"article:modified_time\" content=\"2025-02-06T08:56:41+00:00\" \/>\n<meta property=\"og:image\" content=\"http:\/\/irs-ab.se\/wp-content\/uploads\/2025\/02\/om-oss-1400x1480-1-969x1024.jpg\" \/>\n<meta name=\"twitter:card\" content=\"summary_large_image\" \/>\n<meta name=\"twitter:label1\" content=\"Estimated reading time\" \/>\n\t<meta name=\"twitter:data1\" content=\"2 minutes\" \/>\n<script type=\"application\/ld+json\" class=\"yoast-schema-graph\">{\"@context\":\"https:\/\/schema.org\",\"@graph\":[{\"@type\":\"WebPage\",\"@id\":\"https:\/\/irs-ab.se\/om-oss\/\",\"url\":\"https:\/\/irs-ab.se\/om-oss\/\",\"name\":\"Om oss - Industri &amp; Robotservice Sweden AB\",\"isPartOf\":{\"@id\":\"https:\/\/irs-ab.se\/#website\"},\"primaryImageOfPage\":{\"@id\":\"https:\/\/irs-ab.se\/om-oss\/#primaryimage\"},\"image\":{\"@id\":\"https:\/\/irs-ab.se\/om-oss\/#primaryimage\"},\"thumbnailUrl\":\"http:\/\/irs-ab.se\/wp-content\/uploads\/2025\/02\/om-oss-1400x1480-1-969x1024.jpg\",\"datePublished\":\"2025-01-16T13:32:41+00:00\",\"dateModified\":\"2025-02-06T08:56:41+00:00\",\"breadcrumb\":{\"@id\":\"https:\/\/irs-ab.se\/om-oss\/#breadcrumb\"},\"inLanguage\":\"en-GB\",\"potentialAction\":[{\"@type\":\"ReadAction\",\"target\":[\"https:\/\/irs-ab.se\/om-oss\/\"]}]},{\"@type\":\"ImageObject\",\"inLanguage\":\"en-GB\",\"@id\":\"https:\/\/irs-ab.se\/om-oss\/#primaryimage\",\"url\":\"http:\/\/irs-ab.se\/wp-content\/uploads\/2025\/02\/om-oss-1400x1480-1-969x1024.jpg\",\"contentUrl\":\"http:\/\/irs-ab.se\/wp-content\/uploads\/2025\/02\/om-oss-1400x1480-1-969x1024.jpg\"},{\"@type\":\"BreadcrumbList\",\"@id\":\"https:\/\/irs-ab.se\/om-oss\/#breadcrumb\",\"itemListElement\":[{\"@type\":\"ListItem\",\"position\":1,\"name\":\"Hem\",\"item\":\"https:\/\/irs-ab.se\/\"},{\"@type\":\"ListItem\",\"position\":2,\"name\":\"Om oss\"}]},{\"@type\":\"WebSite\",\"@id\":\"https:\/\/irs-ab.se\/#website\",\"url\":\"https:\/\/irs-ab.se\/\",\"name\":\"Industri & Robotservice Sweden AB\",\"description\":\"Robotteknik och Automation\",\"potentialAction\":[{\"@type\":\"SearchAction\",\"target\":{\"@type\":\"EntryPoint\",\"urlTemplate\":\"https:\/\/irs-ab.se\/?s={search_term_string}\"},\"query-input\":{\"@type\":\"PropertyValueSpecification\",\"valueRequired\":true,\"valueName\":\"search_term_string\"}}],\"inLanguage\":\"en-GB\"}]}<\/script>\n<!-- \/ Yoast SEO plugin. -->","yoast_head_json":{"title":"Om oss - Industri &amp; Robotservice Sweden AB","robots":{"index":"index","follow":"follow","max-snippet":"max-snippet:-1","max-image-preview":"max-image-preview:large","max-video-preview":"max-video-preview:-1"},"canonical":"https:\/\/irs-ab.se\/en\/om-oss\/","og_locale":"en_GB","og_type":"article","og_title":"Om oss - Industri &amp; Robotservice Sweden AB","og_description":"Om oss Kompletta &amp; flexibla robotl\u00f6sningar f\u00f6r industrier Veta mer om v\u00e5ra produkter? Ring oss eller maila +46 90 12 20 40 Kontakta oss Din industripartner Om Industri &amp; Robotservice Sweden AB Industri &amp; Robotservice Sweden AB (IRS AB) \u00e4r ett svenskt f\u00f6retag med omfattande erfarenhet inom industriell automation och robotteknik. Vi specialiserar oss p\u00e5 [&hellip;]","og_url":"https:\/\/irs-ab.se\/en\/om-oss\/","og_site_name":"Industri &amp; Robotservice Sweden AB","article_publisher":"https:\/\/www.facebook.com\/p\/Industri-Robotservice-Sweden-AB-100078724971630\/","article_modified_time":"2025-02-06T08:56:41+00:00","og_image":[{"url":"http:\/\/irs-ab.se\/wp-content\/uploads\/2025\/02\/om-oss-1400x1480-1-969x1024.jpg","type":"","width":"","height":""}],"twitter_card":"summary_large_image","twitter_misc":{"Estimated reading time":"2 minutes"},"schema":{"@context":"https:\/\/schema.org","@graph":[{"@type":"WebPage","@id":"https:\/\/irs-ab.se\/om-oss\/","url":"https:\/\/irs-ab.se\/om-oss\/","name":"Om oss - Industri &amp; Robotservice Sweden AB","isPartOf":{"@id":"https:\/\/irs-ab.se\/#website"},"primaryImageOfPage":{"@id":"https:\/\/irs-ab.se\/om-oss\/#primaryimage"},"image":{"@id":"https:\/\/irs-ab.se\/om-oss\/#primaryimage"},"thumbnailUrl":"http:\/\/irs-ab.se\/wp-content\/uploads\/2025\/02\/om-oss-1400x1480-1-969x1024.jpg","datePublished":"2025-01-16T13:32:41+00:00","dateModified":"2025-02-06T08:56:41+00:00","breadcrumb":{"@id":"https:\/\/irs-ab.se\/om-oss\/#breadcrumb"},"inLanguage":"en-GB","potentialAction":[{"@type":"ReadAction","target":["https:\/\/irs-ab.se\/om-oss\/"]}]},{"@type":"ImageObject","inLanguage":"en-GB","@id":"https:\/\/irs-ab.se\/om-oss\/#primaryimage","url":"http:\/\/irs-ab.se\/wp-content\/uploads\/2025\/02\/om-oss-1400x1480-1-969x1024.jpg","contentUrl":"http:\/\/irs-ab.se\/wp-content\/uploads\/2025\/02\/om-oss-1400x1480-1-969x1024.jpg"},{"@type":"BreadcrumbList","@id":"https:\/\/irs-ab.se\/om-oss\/#breadcrumb","itemListElement":[{"@type":"ListItem","position":1,"name":"Hem","item":"https:\/\/irs-ab.se\/"},{"@type":"ListItem","position":2,"name":"Om oss"}]},{"@type":"WebSite","@id":"https:\/\/irs-ab.se\/#website","url":"https:\/\/irs-ab.se\/","name":"Industri & Robotservice Sweden AB","description":"Robotteknik och Automation","potentialAction":[{"@type":"SearchAction","target":{"@type":"EntryPoint","urlTemplate":"https:\/\/irs-ab.se\/?s={search_term_string}"},"query-input":{"@type":"PropertyValueSpecification","valueRequired":true,"valueName":"search_term_string"}}],"inLanguage":"en-GB"}]}},"_links":{"self":[{"href":"https:\/\/irs-ab.se\/en\/wp-json\/wp\/v2\/pages\/1504","targetHints":{"allow":["GET"]}}],"collection":[{"href":"https:\/\/irs-ab.se\/en\/wp-json\/wp\/v2\/pages"}],"about":[{"href":"https:\/\/irs-ab.se\/en\/wp-json\/wp\/v2\/types\/page"}],"author":[{"embeddable":true,"href":"https:\/\/irs-ab.se\/en\/wp-json\/wp\/v2\/users\/1"}],"replies":[{"embeddable":true,"href":"https:\/\/irs-ab.se\/en\/wp-json\/wp\/v2\/comments?post=1504"}],"version-history":[{"count":0,"href":"https:\/\/irs-ab.se\/en\/wp-json\/wp\/v2\/pages\/1504\/revisions"}],"wp:attachment":[{"href":"https:\/\/irs-ab.se\/en\/wp-json\/wp\/v2\/media?parent=1504"}],"curies":[{"name":"wp","href":"https:\/\/api.w.org\/{rel}","templated":true}]}}