{"id":1175,"date":"2025-01-15T11:42:53","date_gmt":"2025-01-15T10:42:53","guid":{"rendered":"https:\/\/irs.chillimedia.site\/?page_id=1175"},"modified":"2025-02-07T08:37:40","modified_gmt":"2025-02-07T07:37:40","slug":"utbildning","status":"publish","type":"page","link":"https:\/\/irs-ab.se\/en\/utbildning\/","title":{"rendered":"Training"},"content":{"rendered":"<div data-elementor-type=\"wp-page\" data-elementor-id=\"1175\" class=\"elementor elementor-1175\" data-elementor-post-type=\"page\">\n\t\t\t\t\t\t<section class=\"elementor-section elementor-top-section elementor-element elementor-element-6643a9c0 elementor-section-boxed elementor-section-height-default elementor-section-height-default\" data-id=\"6643a9c0\" data-element_type=\"section\" data-settings=\"{&quot;background_background&quot;:&quot;slideshow&quot;,&quot;background_slideshow_gallery&quot;:[{&quot;id&quot;:1021,&quot;url&quot;:&quot;http:\\\/\\\/irs-ab.se\\\/wp-content\\\/uploads\\\/2025\\\/01\\\/bc-irs-1.jpg&quot;},{&quot;id&quot;:1022,&quot;url&quot;:&quot;http:\\\/\\\/irs-ab.se\\\/wp-content\\\/uploads\\\/2025\\\/01\\\/bc-irs-2.jpg&quot;}],&quot;background_slideshow_ken_burns&quot;:&quot;yes&quot;,&quot;jet_parallax_layout_list&quot;:[],&quot;background_slideshow_loop&quot;:&quot;yes&quot;,&quot;background_slideshow_slide_duration&quot;:5000,&quot;background_slideshow_slide_transition&quot;:&quot;fade&quot;,&quot;background_slideshow_transition_duration&quot;:500,&quot;background_slideshow_ken_burns_zoom_direction&quot;:&quot;in&quot;}\">\n\t\t\t\t\t\t\t<div class=\"elementor-background-overlay\"><\/div>\n\t\t\t\t\t\t\t<div class=\"elementor-container elementor-column-gap-default\">\n\t\t\t\t\t<div class=\"elementor-column elementor-col-100 elementor-top-column elementor-element elementor-element-598a3b9\" data-id=\"598a3b9\" data-element_type=\"column\">\n\t\t\t<div class=\"elementor-widget-wrap elementor-element-populated\">\n\t\t\t\t\t\t<div class=\"elementor-element elementor-element-6677922 elementor-widget elementor-widget-gva-heading-block\" data-id=\"6677922\" data-element_type=\"widget\" data-widget_type=\"gva-heading-block.default\">\n\t\t\t\t<div class=\"elementor-widget-container\">\n\t\t\t\t\t<div class=\"gva-element-gva-heading-block gva-element\">   <div class=\"align-left style-1 widget gsc-heading box-align-left auto-responsive\">\r\n      <div class=\"content-inner\">\r\n         \r\n                  \r\n           \r\n         \r\n                     <h2 class=\"title\">\r\n               <span>Training<\/span>\r\n            <\/h2>\r\n                  \r\n                     <div class=\"title-desc\">Complete &amp; Flexible Robotic Solutions for Industries<\/div>\r\n         \r\n         \r\n      <\/div>\r\n   <\/div>\r\n<\/div>\t\t\t\t<\/div>\n\t\t\t\t<\/div>\n\t\t\t\t\t<\/div>\n\t\t<\/div>\n\t\t\t\t\t<\/div>\n\t\t<\/section>\n\t\t\t\t<section class=\"elementor-section elementor-top-section elementor-element elementor-element-85ed5e7 elementor-reverse-tablet elementor-reverse-mobile elementor-section-boxed elementor-section-height-default elementor-section-height-default\" data-id=\"85ed5e7\" data-element_type=\"section\" data-settings=\"{&quot;jet_parallax_layout_list&quot;:[]}\">\n\t\t\t\t\t\t<div class=\"elementor-container elementor-column-gap-default\">\n\t\t\t\t\t<div class=\"elementor-column elementor-col-50 elementor-top-column elementor-element elementor-element-51904d8a\" data-id=\"51904d8a\" data-element_type=\"column\">\n\t\t\t<div class=\"elementor-widget-wrap elementor-element-populated\">\n\t\t\t\t\t\t<section class=\"elementor-section elementor-inner-section elementor-element elementor-element-74a7dc03 elementor-section-boxed elementor-section-height-default elementor-section-height-default\" data-id=\"74a7dc03\" data-element_type=\"section\" data-settings=\"{&quot;background_background&quot;:&quot;classic&quot;,&quot;jet_parallax_layout_list&quot;:[]}\">\n\t\t\t\t\t\t\t<div class=\"elementor-background-overlay\"><\/div>\n\t\t\t\t\t\t\t<div class=\"elementor-container elementor-column-gap-default\">\n\t\t\t\t\t<div class=\"elementor-column elementor-col-100 elementor-inner-column elementor-element elementor-element-7ea2bf11\" data-id=\"7ea2bf11\" data-element_type=\"column\">\n\t\t\t<div class=\"elementor-widget-wrap elementor-element-populated\">\n\t\t\t\t\t\t<div class=\"elementor-element elementor-element-2dba2557 elementor-view-stacked elementor-shape-circle elementor-position-top elementor-mobile-position-top elementor-widget elementor-widget-icon-box\" data-id=\"2dba2557\" data-element_type=\"widget\" data-widget_type=\"icon-box.default\">\n\t\t\t\t<div class=\"elementor-widget-container\">\n\t\t\t\t\t\t\t<div class=\"elementor-icon-box-wrapper\">\n\n\t\t\t\t\t\t<div class=\"elementor-icon-box-icon\">\n\t\t\t\t<span  class=\"elementor-icon\">\n\t\t\t\t<i aria-hidden=\"true\" class=\"picon-chat\"><\/i>\t\t\t\t<\/span>\n\t\t\t<\/div>\n\t\t\t\n\t\t\t\t\t\t<div class=\"elementor-icon-box-content\">\n\n\t\t\t\t\t\t\t\t\t<h3 class=\"elementor-icon-box-title\">\n\t\t\t\t\t\t<span  >\n\t\t\t\t\t\t\tKnow more about our products?\t\t\t\t\t\t<\/span>\n\t\t\t\t\t<\/h3>\n\t\t\t\t\n\t\t\t\t\n\t\t\t<\/div>\n\t\t\t\n\t\t<\/div>\n\t\t\t\t\t\t<\/div>\n\t\t\t\t<\/div>\n\t\t\t\t<div class=\"elementor-element elementor-element-5e7149b7 elementor-widget elementor-widget-text-editor\" data-id=\"5e7149b7\" data-element_type=\"widget\" data-widget_type=\"text-editor.default\">\n\t\t\t\t<div class=\"elementor-widget-container\">\n\t\t\t\t\t\t\t\t\t<div>Call or mail us<\/div>\t\t\t\t\t\t\t\t<\/div>\n\t\t\t\t<\/div>\n\t\t\t\t<div class=\"elementor-element elementor-element-65adb761 elementor-widget elementor-widget-text-editor\" data-id=\"65adb761\" data-element_type=\"widget\" data-widget_type=\"text-editor.default\">\n\t\t\t\t<div class=\"elementor-widget-container\">\n\t\t\t\t\t\t\t\t\t<p><a class=\"text-white\" href=\"tel:+4690122040\">+46 90 12 20 40<\/a><\/p>\t\t\t\t\t\t\t\t<\/div>\n\t\t\t\t<\/div>\n\t\t\t\t<div class=\"elementor-element elementor-element-e6a3243 elementor-widget__width-auto hidden-large elementor-widget elementor-widget-html\" data-id=\"e6a3243\" data-element_type=\"widget\" data-widget_type=\"html.default\">\n\t\t\t\t<div class=\"elementor-widget-container\">\n\t\t\t\t\t<a class=\"btn-white\" href=\"\/en\/kontakt\/\">\nContact us\n<\/a>\t\t\t\t<\/div>\n\t\t\t\t<\/div>\n\t\t\t\t\t<\/div>\n\t\t<\/div>\n\t\t\t\t\t<\/div>\n\t\t<\/section>\n\t\t\t\t\t<\/div>\n\t\t<\/div>\n\t\t\t\t<div class=\"elementor-column elementor-col-50 elementor-top-column elementor-element elementor-element-211ca19c\" data-id=\"211ca19c\" data-element_type=\"column\">\n\t\t\t<div class=\"elementor-widget-wrap elementor-element-populated\">\n\t\t\t\t\t\t<div class=\"elementor-element elementor-element-4340c8f elementor-widget elementor-widget-heading\" data-id=\"4340c8f\" data-element_type=\"widget\" data-widget_type=\"heading.default\">\n\t\t\t\t<div class=\"elementor-widget-container\">\n\t\t\t\t\t<h3 class=\"elementor-heading-title elementor-size-default\">Your Industrial Partner<\/h3>\t\t\t\t<\/div>\n\t\t\t\t<\/div>\n\t\t\t\t<div class=\"elementor-element elementor-element-5434a3a elementor-widget elementor-widget-heading\" data-id=\"5434a3a\" data-element_type=\"widget\" data-widget_type=\"heading.default\">\n\t\t\t\t<div class=\"elementor-widget-container\">\n\t\t\t\t\t<h1 class=\"elementor-heading-title elementor-size-default\">Training for Optimised Production<\/h1>\t\t\t\t<\/div>\n\t\t\t\t<\/div>\n\t\t\t\t<div class=\"elementor-element elementor-element-363c14e elementor-widget elementor-widget-text-editor\" data-id=\"363c14e\" data-element_type=\"widget\" data-widget_type=\"text-editor.default\">\n\t\t\t\t<div class=\"elementor-widget-container\">\n\t\t\t\t\t\t\t\t\t<p>Industri &amp; Robotservice Sweden AB offers specialised training in robotics, basic handling, and welding, designed to enhance your staff's skills and streamline your production processes.<\/p>\t\t\t\t\t\t\t\t<\/div>\n\t\t\t\t<\/div>\n\t\t\t\t<div class=\"elementor-element elementor-element-93c6b1f elementor-widget elementor-widget-image\" data-id=\"93c6b1f\" data-element_type=\"widget\" data-widget_type=\"image.default\">\n\t\t\t\t<div class=\"elementor-widget-container\">\n\t\t\t\t\t\t\t\t\t\t\t\t\t\t\t<img fetchpriority=\"high\" decoding=\"async\" width=\"900\" height=\"519\" src=\"https:\/\/irs-ab.se\/wp-content\/uploads\/2025\/01\/utbildning-robot-industri-1300x750-1-1024x591.jpg\" class=\"attachment-large size-large wp-image-1257\" alt=\"Utbildning f\u00f6r hantering av robotar inom industrin\" srcset=\"https:\/\/irs-ab.se\/wp-content\/uploads\/2025\/01\/utbildning-robot-industri-1300x750-1-1024x591.jpg 1024w, https:\/\/irs-ab.se\/wp-content\/uploads\/2025\/01\/utbildning-robot-industri-1300x750-1-768x443.jpg 768w, https:\/\/irs-ab.se\/wp-content\/uploads\/2025\/01\/utbildning-robot-industri-1300x750-1-18x10.jpg 18w, https:\/\/irs-ab.se\/wp-content\/uploads\/2025\/01\/utbildning-robot-industri-1300x750-1.jpg 1300w\" sizes=\"(max-width: 900px) 100vw, 900px\" \/>\t\t\t\t\t\t\t\t\t\t\t\t\t\t\t<\/div>\n\t\t\t\t<\/div>\n\t\t\t\t<div class=\"elementor-element elementor-element-5f52fd4 elementor-widget elementor-widget-text-editor\" data-id=\"5f52fd4\" data-element_type=\"widget\" data-widget_type=\"text-editor.default\">\n\t\t\t\t<div class=\"elementor-widget-container\">\n\t\t\t\t\t\t\t\t\t<h2>Our training services include:<\/h2><ul><li><p><strong>Robotics:<\/strong> Basic and advanced training in robot operation, safety, and programming, tailored to meet your specific needs.<\/p><\/li><li><p><strong>Handling:<\/strong> Training in the efficient and safe handling of robots and automated systems to optimise workflows.<\/p><\/li><li><p><strong>Welding:<\/strong> Training in robotic welding techniques to improve weld quality and productivity.<\/p><\/li><\/ul><p>Our courses can be conducted either at our facilities or on-site at your premises, depending on what best suits your operations. Training can range from one-day introductory courses to several days of customised content based on your specific requirements.<\/p><p>By investing in our training programmes, you ensure that your staff possess the skills needed to manage and optimise your robotic systems, leading to increased efficiency and competitiveness.<\/p><p><span style=\"text-decoration: underline;\"><strong><a href=\"#kontakt\">Contact us<\/a><\/strong><\/span> to discuss how our training can be tailored to meet your needs and contribute to the success of your business.<\/p>\t\t\t\t\t\t\t\t<\/div>\n\t\t\t\t<\/div>\n\t\t\t\t\t<\/div>\n\t\t<\/div>\n\t\t\t\t\t<\/div>\n\t\t<\/section>\n\t\t\t\t<section class=\"elementor-section elementor-top-section elementor-element elementor-element-71554eb8 elementor-section-boxed elementor-section-height-default elementor-section-height-default\" data-id=\"71554eb8\" data-element_type=\"section\" id=\"kontakt\" data-settings=\"{&quot;jet_parallax_layout_list&quot;:[]}\">\n\t\t\t\t\t\t<div class=\"elementor-container elementor-column-gap-default\">\n\t\t\t\t\t<div class=\"elementor-column elementor-col-50 elementor-top-column elementor-element elementor-element-2333f9dc\" data-id=\"2333f9dc\" data-element_type=\"column\">\n\t\t\t<div class=\"elementor-widget-wrap elementor-element-populated\">\n\t\t\t\t\t\t<div class=\"elementor-element elementor-element-8a013c8 elementor-widget elementor-widget-heading\" data-id=\"8a013c8\" data-element_type=\"widget\" data-widget_type=\"heading.default\">\n\t\t\t\t<div class=\"elementor-widget-container\">\n\t\t\t\t\t<h3 class=\"elementor-heading-title elementor-size-default\">How can we assist you?<\/h3>\t\t\t\t<\/div>\n\t\t\t\t<\/div>\n\t\t\t\t<div class=\"elementor-element elementor-element-7d31342a elementor-widget elementor-widget-gva-heading-block\" data-id=\"7d31342a\" data-element_type=\"widget\" data-widget_type=\"gva-heading-block.default\">\n\t\t\t\t<div class=\"elementor-widget-container\">\n\t\t\t\t\t<div class=\"gva-element-gva-heading-block gva-element\">   <div class=\"align-left style-1 widget gsc-heading box-align-left auto-responsive\">\r\n      <div class=\"content-inner\">\r\n         \r\n                  \r\n           \r\n         \r\n                     <h2 class=\"title\">\r\n               <span>Questions? Feel free to contact us<\/span>\r\n            <\/h2>\r\n                  \r\n                     <div class=\"title-desc\">We offer everything from spare parts to complete automation solutions. Fill out the form and submit your inquiry \u2013 we\u2019ll get back to you as soon as possible.<\/div>\r\n         \r\n         \r\n      <\/div>\r\n   <\/div>\r\n<\/div>\t\t\t\t<\/div>\n\t\t\t\t<\/div>\n\t\t\t\t<div class=\"elementor-element elementor-element-b0ddf1a elementor-view-stacked elementor-shape-square elementor-position-left icon-box-left elementor-mobile-position-top elementor-widget elementor-widget-icon-box\" data-id=\"b0ddf1a\" data-element_type=\"widget\" data-widget_type=\"icon-box.default\">\n\t\t\t\t<div class=\"elementor-widget-container\">\n\t\t\t\t\t\t\t<div class=\"elementor-icon-box-wrapper\">\n\n\t\t\t\t\t\t<div class=\"elementor-icon-box-icon\">\n\t\t\t\t<a href=\"tel:+4690122040\" class=\"elementor-icon\" tabindex=\"-1\" aria-label=\"Call us\">\n\t\t\t\t<i aria-hidden=\"true\" class=\"picon-telephone\"><\/i>\t\t\t\t<\/a>\n\t\t\t<\/div>\n\t\t\t\n\t\t\t\t\t\t<div class=\"elementor-icon-box-content\">\n\n\t\t\t\t\t\t\t\t\t<h3 class=\"elementor-icon-box-title\">\n\t\t\t\t\t\t<a href=\"tel:+4690122040\" >\n\t\t\t\t\t\t\tCall us\t\t\t\t\t\t<\/a>\n\t\t\t\t\t<\/h3>\n\t\t\t\t\n\t\t\t\t\t\t\t\t\t<p class=\"elementor-icon-box-description\">\n\t\t\t\t\t\t+46 90-12 20 40\t\t\t\t\t<\/p>\n\t\t\t\t\n\t\t\t<\/div>\n\t\t\t\n\t\t<\/div>\n\t\t\t\t\t\t<\/div>\n\t\t\t\t<\/div>\n\t\t\t\t<div class=\"elementor-element elementor-element-11573cfb elementor-view-stacked elementor-shape-square elementor-position-left icon-box-left elementor-mobile-position-top elementor-widget elementor-widget-icon-box\" data-id=\"11573cfb\" data-element_type=\"widget\" data-widget_type=\"icon-box.default\">\n\t\t\t\t<div class=\"elementor-widget-container\">\n\t\t\t\t\t\t\t<div class=\"elementor-icon-box-wrapper\">\n\n\t\t\t\t\t\t<div class=\"elementor-icon-box-icon\">\n\t\t\t\t<a href=\"mailto:info@irs-ab.se\" class=\"elementor-icon\" tabindex=\"-1\" aria-label=\"Email us\">\n\t\t\t\t<i aria-hidden=\"true\" class=\"picon-email\"><\/i>\t\t\t\t<\/a>\n\t\t\t<\/div>\n\t\t\t\n\t\t\t\t\t\t<div class=\"elementor-icon-box-content\">\n\n\t\t\t\t\t\t\t\t\t<h3 class=\"elementor-icon-box-title\">\n\t\t\t\t\t\t<a href=\"mailto:info@irs-ab.se\" >\n\t\t\t\t\t\t\tEmail us\t\t\t\t\t\t<\/a>\n\t\t\t\t\t<\/h3>\n\t\t\t\t\n\t\t\t\t\t\t\t\t\t<p class=\"elementor-icon-box-description\">\n\t\t\t\t\t\tinfo@irs-ab.se\t\t\t\t\t<\/p>\n\t\t\t\t\n\t\t\t<\/div>\n\t\t\t\n\t\t<\/div>\n\t\t\t\t\t\t<\/div>\n\t\t\t\t<\/div>\n\t\t\t\t<div class=\"elementor-element elementor-element-22bd0d2e elementor-view-stacked elementor-shape-square elementor-position-left icon-box-left elementor-mobile-position-top elementor-widget elementor-widget-icon-box\" data-id=\"22bd0d2e\" data-element_type=\"widget\" data-widget_type=\"icon-box.default\">\n\t\t\t\t<div class=\"elementor-widget-container\">\n\t\t\t\t\t\t\t<div class=\"elementor-icon-box-wrapper\">\n\n\t\t\t\t\t\t<div class=\"elementor-icon-box-icon\">\n\t\t\t\t<a href=\"https:\/\/maps.app.goo.gl\/p8UX2jkv6Zy7a9LQ9\" target=\"_blank\" class=\"elementor-icon\" tabindex=\"-1\" aria-label=\"Visit us\">\n\t\t\t\t<i aria-hidden=\"true\" class=\"picon-pin\"><\/i>\t\t\t\t<\/a>\n\t\t\t<\/div>\n\t\t\t\n\t\t\t\t\t\t<div class=\"elementor-icon-box-content\">\n\n\t\t\t\t\t\t\t\t\t<h3 class=\"elementor-icon-box-title\">\n\t\t\t\t\t\t<a href=\"https:\/\/maps.app.goo.gl\/p8UX2jkv6Zy7a9LQ9\" target=\"_blank\" >\n\t\t\t\t\t\t\tVisit us\t\t\t\t\t\t<\/a>\n\t\t\t\t\t<\/h3>\n\t\t\t\t\n\t\t\t\t\t\t\t\t\t<p class=\"elementor-icon-box-description\">\n\t\t\t\t\t\tStenhuggaregatan 11,\n913 35 Holmsund\t\t\t\t\t<\/p>\n\t\t\t\t\n\t\t\t<\/div>\n\t\t\t\n\t\t<\/div>\n\t\t\t\t\t\t<\/div>\n\t\t\t\t<\/div>\n\t\t\t\t\t<\/div>\n\t\t<\/div>\n\t\t\t\t<div class=\"elementor-column elementor-col-50 elementor-top-column elementor-element elementor-element-5b743b20\" data-id=\"5b743b20\" data-element_type=\"column\">\n\t\t\t<div class=\"elementor-widget-wrap elementor-element-populated\">\n\t\t\t\t\t\t<div class=\"elementor-element elementor-element-77af69c0 top-color-theme elementor-widget elementor-widget-shortcode\" data-id=\"77af69c0\" data-element_type=\"widget\" data-widget_type=\"shortcode.default\">\n\t\t\t\t<div class=\"elementor-widget-container\">\n\t\t\t\t\t\t\t<div class=\"elementor-shortcode\"><p class=\"wpcf7-contact-form-not-found\"><strong>Error:<\/strong> Contact form not found.<\/p><\/div>\n\t\t\t\t\t\t<\/div>\n\t\t\t\t<\/div>\n\t\t\t\t\t<\/div>\n\t\t<\/div>\n\t\t\t\t\t<\/div>\n\t\t<\/section>\n\t\t\t\t<\/div>","protected":false},"excerpt":{"rendered":"<p>Utbildning Kompletta &amp; flexibla robotl\u00f6sningar f\u00f6r industrier Veta mer om v\u00e5ra produkter? Ring oss eller maila +46 90 12 20 40 Kontakta oss Din industripartner Utbildningar f\u00f6r Optimerad Produktion Industri &amp; Robotservice Sweden AB erbjuder specialiserade utbildningar inom robotteknik, grundl\u00e4ggande hantering och svetsning, utformade f\u00f6r att st\u00e4rka din personals kompetens och effektivisera er produktion. V\u00e5ra [&hellip;]<\/p>","protected":false},"author":1,"featured_media":0,"parent":0,"menu_order":0,"comment_status":"closed","ping_status":"closed","template":"","meta":{"inline_featured_image":false,"footnotes":""},"class_list":["post-1175","page","type-page","status-publish","hentry"],"yoast_head":"<!-- This site is optimized with the Yoast SEO plugin v25.7 - https:\/\/yoast.com\/wordpress\/plugins\/seo\/ -->\n<title>Utbildningar f\u00f6r Optimerad Produktion - Industri &amp; Robotservice Sweden AB<\/title>\n<meta name=\"description\" content=\"Vi erbjuder specialiserade utbildningar inom robotteknik, grundl\u00e4ggande hantering och svetsning f\u00f6r att st\u00e4rka din personals kompetens.\" \/>\n<meta name=\"robots\" content=\"index, follow, max-snippet:-1, max-image-preview:large, max-video-preview:-1\" \/>\n<link rel=\"canonical\" href=\"https:\/\/irs-ab.se\/en\/utbildning\/\" \/>\n<meta property=\"og:locale\" content=\"en_GB\" \/>\n<meta property=\"og:type\" content=\"article\" \/>\n<meta property=\"og:title\" content=\"Utbildningar f\u00f6r Optimerad Produktion - Industri &amp; Robotservice Sweden AB\" \/>\n<meta property=\"og:description\" content=\"Vi erbjuder specialiserade utbildningar inom robotteknik, grundl\u00e4ggande hantering och svetsning f\u00f6r att st\u00e4rka din personals kompetens.\" \/>\n<meta property=\"og:url\" content=\"https:\/\/irs-ab.se\/en\/utbildning\/\" \/>\n<meta property=\"og:site_name\" content=\"Industri &amp; Robotservice Sweden AB\" \/>\n<meta property=\"article:publisher\" content=\"https:\/\/www.facebook.com\/p\/Industri-Robotservice-Sweden-AB-100078724971630\/\" \/>\n<meta property=\"article:modified_time\" content=\"2025-02-07T07:37:40+00:00\" \/>\n<meta property=\"og:image\" content=\"https:\/\/irs-ab.se\/wp-content\/uploads\/2025\/01\/utbildning-robot-industri-1300x750-1.jpg\" \/>\n\t<meta property=\"og:image:width\" content=\"1300\" \/>\n\t<meta property=\"og:image:height\" content=\"750\" \/>\n\t<meta property=\"og:image:type\" content=\"image\/jpeg\" \/>\n<meta name=\"twitter:card\" content=\"summary_large_image\" \/>\n<meta name=\"twitter:label1\" content=\"Estimated reading time\" \/>\n\t<meta name=\"twitter:data1\" content=\"2 minutes\" \/>\n<script type=\"application\/ld+json\" class=\"yoast-schema-graph\">{\"@context\":\"https:\/\/schema.org\",\"@graph\":[{\"@type\":\"WebPage\",\"@id\":\"https:\/\/irs-ab.se\/utbildning\/\",\"url\":\"https:\/\/irs-ab.se\/utbildning\/\",\"name\":\"Utbildningar f\u00f6r Optimerad Produktion - Industri &amp; Robotservice Sweden AB\",\"isPartOf\":{\"@id\":\"https:\/\/irs-ab.se\/#website\"},\"primaryImageOfPage\":{\"@id\":\"https:\/\/irs-ab.se\/utbildning\/#primaryimage\"},\"image\":{\"@id\":\"https:\/\/irs-ab.se\/utbildning\/#primaryimage\"},\"thumbnailUrl\":\"https:\/\/irs-ab.se\/wp-content\/uploads\/2025\/01\/utbildning-robot-industri-1300x750-1-1024x591.jpg\",\"datePublished\":\"2025-01-15T10:42:53+00:00\",\"dateModified\":\"2025-02-07T07:37:40+00:00\",\"description\":\"Vi erbjuder specialiserade utbildningar inom robotteknik, grundl\u00e4ggande hantering och svetsning f\u00f6r att st\u00e4rka din personals kompetens.\",\"breadcrumb\":{\"@id\":\"https:\/\/irs-ab.se\/utbildning\/#breadcrumb\"},\"inLanguage\":\"en-GB\",\"potentialAction\":[{\"@type\":\"ReadAction\",\"target\":[\"https:\/\/irs-ab.se\/utbildning\/\"]}]},{\"@type\":\"ImageObject\",\"inLanguage\":\"en-GB\",\"@id\":\"https:\/\/irs-ab.se\/utbildning\/#primaryimage\",\"url\":\"https:\/\/irs-ab.se\/wp-content\/uploads\/2025\/01\/utbildning-robot-industri-1300x750-1-1024x591.jpg\",\"contentUrl\":\"https:\/\/irs-ab.se\/wp-content\/uploads\/2025\/01\/utbildning-robot-industri-1300x750-1-1024x591.jpg\"},{\"@type\":\"BreadcrumbList\",\"@id\":\"https:\/\/irs-ab.se\/utbildning\/#breadcrumb\",\"itemListElement\":[{\"@type\":\"ListItem\",\"position\":1,\"name\":\"Hem\",\"item\":\"https:\/\/irs-ab.se\/\"},{\"@type\":\"ListItem\",\"position\":2,\"name\":\"Utbildning\"}]},{\"@type\":\"WebSite\",\"@id\":\"https:\/\/irs-ab.se\/#website\",\"url\":\"https:\/\/irs-ab.se\/\",\"name\":\"Industri & Robotservice Sweden AB\",\"description\":\"Robotteknik och Automation\",\"potentialAction\":[{\"@type\":\"SearchAction\",\"target\":{\"@type\":\"EntryPoint\",\"urlTemplate\":\"https:\/\/irs-ab.se\/?s={search_term_string}\"},\"query-input\":{\"@type\":\"PropertyValueSpecification\",\"valueRequired\":true,\"valueName\":\"search_term_string\"}}],\"inLanguage\":\"en-GB\"}]}<\/script>\n<!-- \/ Yoast SEO plugin. -->","yoast_head_json":{"title":"Utbildningar f\u00f6r Optimerad Produktion - Industri &amp; Robotservice Sweden AB","description":"Vi erbjuder specialiserade utbildningar inom robotteknik, grundl\u00e4ggande hantering och svetsning f\u00f6r att st\u00e4rka din personals kompetens.","robots":{"index":"index","follow":"follow","max-snippet":"max-snippet:-1","max-image-preview":"max-image-preview:large","max-video-preview":"max-video-preview:-1"},"canonical":"https:\/\/irs-ab.se\/en\/utbildning\/","og_locale":"en_GB","og_type":"article","og_title":"Utbildningar f\u00f6r Optimerad Produktion - Industri &amp; Robotservice Sweden AB","og_description":"Vi erbjuder specialiserade utbildningar inom robotteknik, grundl\u00e4ggande hantering och svetsning f\u00f6r att st\u00e4rka din personals kompetens.","og_url":"https:\/\/irs-ab.se\/en\/utbildning\/","og_site_name":"Industri &amp; Robotservice Sweden AB","article_publisher":"https:\/\/www.facebook.com\/p\/Industri-Robotservice-Sweden-AB-100078724971630\/","article_modified_time":"2025-02-07T07:37:40+00:00","og_image":[{"width":1300,"height":750,"url":"https:\/\/irs-ab.se\/wp-content\/uploads\/2025\/01\/utbildning-robot-industri-1300x750-1.jpg","type":"image\/jpeg"}],"twitter_card":"summary_large_image","twitter_misc":{"Estimated reading time":"2 minutes"},"schema":{"@context":"https:\/\/schema.org","@graph":[{"@type":"WebPage","@id":"https:\/\/irs-ab.se\/utbildning\/","url":"https:\/\/irs-ab.se\/utbildning\/","name":"Utbildningar f\u00f6r Optimerad Produktion - Industri &amp; Robotservice Sweden AB","isPartOf":{"@id":"https:\/\/irs-ab.se\/#website"},"primaryImageOfPage":{"@id":"https:\/\/irs-ab.se\/utbildning\/#primaryimage"},"image":{"@id":"https:\/\/irs-ab.se\/utbildning\/#primaryimage"},"thumbnailUrl":"https:\/\/irs-ab.se\/wp-content\/uploads\/2025\/01\/utbildning-robot-industri-1300x750-1-1024x591.jpg","datePublished":"2025-01-15T10:42:53+00:00","dateModified":"2025-02-07T07:37:40+00:00","description":"Vi erbjuder specialiserade utbildningar inom robotteknik, grundl\u00e4ggande hantering och svetsning f\u00f6r att st\u00e4rka din personals kompetens.","breadcrumb":{"@id":"https:\/\/irs-ab.se\/utbildning\/#breadcrumb"},"inLanguage":"en-GB","potentialAction":[{"@type":"ReadAction","target":["https:\/\/irs-ab.se\/utbildning\/"]}]},{"@type":"ImageObject","inLanguage":"en-GB","@id":"https:\/\/irs-ab.se\/utbildning\/#primaryimage","url":"https:\/\/irs-ab.se\/wp-content\/uploads\/2025\/01\/utbildning-robot-industri-1300x750-1-1024x591.jpg","contentUrl":"https:\/\/irs-ab.se\/wp-content\/uploads\/2025\/01\/utbildning-robot-industri-1300x750-1-1024x591.jpg"},{"@type":"BreadcrumbList","@id":"https:\/\/irs-ab.se\/utbildning\/#breadcrumb","itemListElement":[{"@type":"ListItem","position":1,"name":"Hem","item":"https:\/\/irs-ab.se\/"},{"@type":"ListItem","position":2,"name":"Utbildning"}]},{"@type":"WebSite","@id":"https:\/\/irs-ab.se\/#website","url":"https:\/\/irs-ab.se\/","name":"Industri & Robotservice Sweden AB","description":"Robotteknik och Automation","potentialAction":[{"@type":"SearchAction","target":{"@type":"EntryPoint","urlTemplate":"https:\/\/irs-ab.se\/?s={search_term_string}"},"query-input":{"@type":"PropertyValueSpecification","valueRequired":true,"valueName":"search_term_string"}}],"inLanguage":"en-GB"}]}},"_links":{"self":[{"href":"https:\/\/irs-ab.se\/en\/wp-json\/wp\/v2\/pages\/1175","targetHints":{"allow":["GET"]}}],"collection":[{"href":"https:\/\/irs-ab.se\/en\/wp-json\/wp\/v2\/pages"}],"about":[{"href":"https:\/\/irs-ab.se\/en\/wp-json\/wp\/v2\/types\/page"}],"author":[{"embeddable":true,"href":"https:\/\/irs-ab.se\/en\/wp-json\/wp\/v2\/users\/1"}],"replies":[{"embeddable":true,"href":"https:\/\/irs-ab.se\/en\/wp-json\/wp\/v2\/comments?post=1175"}],"version-history":[{"count":0,"href":"https:\/\/irs-ab.se\/en\/wp-json\/wp\/v2\/pages\/1175\/revisions"}],"wp:attachment":[{"href":"https:\/\/irs-ab.se\/en\/wp-json\/wp\/v2\/media?parent=1175"}],"curies":[{"name":"wp","href":"https:\/\/api.w.org\/{rel}","templated":true}]}}